{"id":151,"date":"2019-02-27T15:21:35","date_gmt":"2019-02-27T14:21:35","guid":{"rendered":"http:\/\/serwer1421977.home.pl\/luty19\/kamilw\/?page_id=151"},"modified":"2026-03-11T10:54:11","modified_gmt":"2026-03-11T09:54:11","slug":"fotografia-slubna","status":"publish","type":"page","link":"https:\/\/foto-wasik.pl\/","title":{"rendered":"Strona wyboru"},"content":{"rendered":"<p>[et_pb_section fb_built=&#8221;1&#8243; _builder_version=&#8221;4.18.0&#8243; _module_preset=&#8221;default&#8221; custom_padding=&#8221;53px||57px|||&#8221; global_colors_info=&#8221;{}&#8221;][et_pb_row column_structure=&#8221;1_2,1_2&#8243; _builder_version=&#8221;4.18.0&#8243; _module_preset=&#8221;default&#8221; hover_enabled=&#8221;0&#8243; global_colors_info=&#8221;{}&#8221; sticky_enabled=&#8221;0&#8243;][et_pb_column type=&#8221;1_2&#8243; _builder_version=&#8221;4.18.0&#8243; _module_preset=&#8221;default&#8221; global_colors_info=&#8221;{}&#8221;][et_pb_image src=&#8221;https:\/\/foto-wasik.pl\/wp-content\/uploads\/2024\/07\/str-www-scaled.jpg&#8221; title_text=&#8221;str www&#8221; _builder_version=&#8221;4.18.0&#8243; _module_preset=&#8221;default&#8221; width=&#8221;99%&#8221; module_alignment=&#8221;center&#8221; custom_margin=&#8221;||43px|||&#8221; global_colors_info=&#8221;{}&#8221;][\/et_pb_image][et_pb_button button_url=&#8221;https:\/\/movies.foto-wasik.pl\/&#8221; url_new_window=&#8221;on&#8221; button_text=&#8221;FOTOGRAFIA I FILMOWANIE \u015aLUBNE&#8221; button_alignment=&#8221;center&#8221; _builder_version=&#8221;4.18.0&#8243; _module_preset=&#8221;default&#8221; custom_button=&#8221;on&#8221; button_text_color=&#8221;#000000&#8243; custom_margin=&#8221;||43px|||&#8221; global_colors_info=&#8221;{}&#8221;][\/et_pb_button][et_pb_social_media_follow _builder_version=&#8221;4.18.0&#8243; _module_preset=&#8221;default&#8221; text_orientation=&#8221;center&#8221; global_colors_info=&#8221;{}&#8221;][et_pb_social_media_follow_network social_network=&#8221;facebook&#8221; url=&#8221;https:\/\/www.facebook.com\/fotowasikfotografiaifilmowanie\/&#8221; _builder_version=&#8221;4.18.0&#8243; _module_preset=&#8221;default&#8221; background_color=&#8221;#3b5998&#8243; global_colors_info=&#8221;{}&#8221; follow_button=&#8221;off&#8221; url_new_window=&#8221;on&#8221;]facebook[\/et_pb_social_media_follow_network][et_pb_social_media_follow_network social_network=&#8221;instagram&#8221; url=&#8221;https:\/\/www.instagram.com\/kamilwasik_filmowanie\/&#8221; _builder_version=&#8221;4.18.0&#8243; _module_preset=&#8221;default&#8221; background_color=&#8221;#ea2c59&#8243; global_colors_info=&#8221;{}&#8221; follow_button=&#8221;off&#8221; url_new_window=&#8221;on&#8221;]instagram[\/et_pb_social_media_follow_network][et_pb_social_media_follow_network social_network=&#8221;instagram&#8221; url=&#8221;https:\/\/www.instagram.com\/klaudia_wasik_fotografia\/&#8221; _builder_version=&#8221;4.18.0&#8243; _module_preset=&#8221;default&#8221; background_color=&#8221;#ea2c59&#8243; global_colors_info=&#8221;{}&#8221; follow_button=&#8221;off&#8221; url_new_window=&#8221;on&#8221;]instagram[\/et_pb_social_media_follow_network][et_pb_social_media_follow_network social_network=&#8221;youtube&#8221; url=&#8221;https:\/\/www.youtube.com\/channel\/UCr5B5kW4H_yTQ0meiuOoT2A&#8221; _builder_version=&#8221;4.18.0&#8243; _module_preset=&#8221;default&#8221; background_color=&#8221;#a82400&#8243; global_colors_info=&#8221;{}&#8221; follow_button=&#8221;off&#8221; url_new_window=&#8221;on&#8221;]youtube[\/et_pb_social_media_follow_network][et_pb_social_media_follow_network social_network=&#8221;google&#8221; url=&#8221;https:\/\/maps.app.goo.gl\/aP2doMXQksoEJ9C28&#8243; _builder_version=&#8221;4.18.0&#8243; _module_preset=&#8221;default&#8221; background_color=&#8221;#4285f4&#8243; global_colors_info=&#8221;{}&#8221; follow_button=&#8221;off&#8221; url_new_window=&#8221;on&#8221;]google[\/et_pb_social_media_follow_network][\/et_pb_social_media_follow][\/et_pb_column][et_pb_column type=&#8221;1_2&#8243; _builder_version=&#8221;4.18.0&#8243; _module_preset=&#8221;default&#8221; global_colors_info=&#8221;{}&#8221;][et_pb_image src=&#8221;https:\/\/foto-wasik.pl\/wp-content\/uploads\/2023\/02\/IMG_-12-4.jpg&#8221; title_text=&#8221;IMG_ (12)&#8221; align=&#8221;center&#8221; _builder_version=&#8221;4.18.0&#8243; _module_preset=&#8221;default&#8221; width=&#8221;99%&#8221; module_alignment=&#8221;center&#8221; custom_margin=&#8221;||43px|||&#8221; global_colors_info=&#8221;{}&#8221;][\/et_pb_image][et_pb_button button_url=&#8221;https:\/\/foto-wasik.pl\/index.php\/strona-glowna\/&#8221; url_new_window=&#8221;on&#8221; button_text=&#8221;FOTOGRAFIA RODZINNA I DZIECI\u0118CA&#8221; button_alignment=&#8221;center&#8221; _builder_version=&#8221;4.18.0&#8243; _module_preset=&#8221;default&#8221; custom_button=&#8221;on&#8221; button_text_color=&#8221;#000000&#8243; custom_margin=&#8221;||43px|||&#8221; global_colors_info=&#8221;{}&#8221;][\/et_pb_button][et_pb_social_media_follow _builder_version=&#8221;4.18.0&#8243; _module_preset=&#8221;default&#8221; text_orientation=&#8221;center&#8221; global_colors_info=&#8221;{}&#8221;][et_pb_social_media_follow_network social_network=&#8221;facebook&#8221; url=&#8221;https:\/\/www.facebook.com\/KlaudiaKPhoto\/&#8221; _builder_version=&#8221;4.18.0&#8243; _module_preset=&#8221;default&#8221; background_color=&#8221;#3b5998&#8243; global_colors_info=&#8221;{}&#8221; follow_button=&#8221;off&#8221; url_new_window=&#8221;on&#8221;]facebook[\/et_pb_social_media_follow_network][et_pb_social_media_follow_network social_network=&#8221;instagram&#8221; url=&#8221;https:\/\/www.instagram.com\/klaudia_wasik_fotografia\/&#8221; _builder_version=&#8221;4.18.0&#8243; _module_preset=&#8221;default&#8221; background_color=&#8221;#ea2c59&#8243; global_colors_info=&#8221;{}&#8221; follow_button=&#8221;off&#8221; url_new_window=&#8221;on&#8221;]instagram[\/et_pb_social_media_follow_network][\/et_pb_social_media_follow][\/et_pb_column][\/et_pb_row][\/et_pb_section][et_pb_section fb_built=&#8221;1&#8243; _builder_version=&#8221;4.18.0&#8243; _module_preset=&#8221;default&#8221; custom_padding=&#8221;0px||0px|||&#8221; global_colors_info=&#8221;{}&#8221;][et_pb_row _builder_version=&#8221;4.18.0&#8243; _module_preset=&#8221;default&#8221; global_colors_info=&#8221;{}&#8221;][et_pb_column type=&#8221;4_4&#8243; _builder_version=&#8221;4.18.0&#8243; _module_preset=&#8221;default&#8221; global_colors_info=&#8221;{}&#8221;][et_pb_text _builder_version=&#8221;4.18.0&#8243; _module_preset=&#8221;default&#8221; global_colors_info=&#8221;{}&#8221;]<\/p>\n<blockquote>\n<p style=\"text-align: center;\"><span>Copyrights \u00a9 foto-wasik<br \/>Fotografia i Filmowanie Slubne, Fotograf Slubny, Kamerzysta Slubny, Fotografia, Wideofilmowanie, Fotografia Rodzinna, Fotografia Ciazowa, Fotografia Noworodkowa<br \/>Bochnia | Brzesko | Tarn\u00f3w | Krak\u00f3w<\/span><\/p>\n<\/blockquote>\n<p>[\/et_pb_text][et_pb_code _builder_version=&#8221;4.18.0&#8243; _module_preset=&#8221;default&#8221; module_alignment=&#8221;center&#8221; text_orientation=&#8221;center&#8221;]Wszystkie prawa zastrzezone. Realizacja projektu:\u00a0 <a href=\"https:\/\/webstudio.foto-wasik.pl\">WEBStudio<\/a>[\/et_pb_code][\/et_pb_column][\/et_pb_row][\/et_pb_section]<\/p>\n","protected":false},"excerpt":{"rendered":"<p>facebookinstagraminstagramyoutubegooglefacebookinstagram Copyrights \u00a9 foto-wasikFotografia i Filmowanie Slubne, Fotograf Slubny, Kamerzysta Slubny, Fotografia, Wideofilmowanie, Fotografia Rodzinna, Fotografia Ciazowa, Fotografia NoworodkowaBochnia | Brzesko | Tarn\u00f3w | Krak\u00f3w<\/p>\n","protected":false},"author":1,"featured_media":0,"parent":0,"menu_order":0,"comment_status":"closed","ping_status":"closed","template":"page-template-blank.php","meta":{"_et_pb_use_builder":"on","_et_pb_old_content":"","_et_gb_content_width":""},"yoast_head":"<!-- This site is optimized with the Yoast SEO plugin v19.5.1 - https:\/\/yoast.com\/wordpress\/plugins\/seo\/ -->\n<title>FOTO-W\u0104SIK | FOTOGRAFIA I FILMOWANIE \u015aLUBNE<\/title>\n<meta name=\"description\" content=\"FOTO-W\u0104SIK to uznane studio fotograficzne wykonuj\u0105ce reporta\u017ce \u015blubne, sesje dzieci\u0119ce i wiele wi\u0119cej. Sprawd\u017a nasz\u0105 ofert\u0119 i uzupe\u0142nij formularz!\" \/>\n<meta name=\"robots\" content=\"index, follow, max-snippet:-1, max-image-preview:large, max-video-preview:-1\" \/>\n<link rel=\"canonical\" href=\"https:\/\/foto-wasik.pl\/\" \/>\n<meta property=\"og:locale\" content=\"pl_PL\" \/>\n<meta property=\"og:type\" content=\"article\" \/>\n<meta property=\"og:title\" content=\"FOTO-W\u0104SIK | FOTOGRAFIA I FILMOWANIE \u015aLUBNE\" \/>\n<meta property=\"og:description\" content=\"FOTO-W\u0104SIK to uznane studio fotograficzne wykonuj\u0105ce reporta\u017ce \u015blubne, sesje dzieci\u0119ce i wiele wi\u0119cej. Sprawd\u017a nasz\u0105 ofert\u0119 i uzupe\u0142nij formularz!\" \/>\n<meta property=\"og:url\" content=\"https:\/\/foto-wasik.pl\/\" \/>\n<meta property=\"og:site_name\" content=\"FOTO-W\u0104SIK | FOTOGRAFIA I FILMOWANIE \u015aLUBNE\" \/>\n<meta property=\"article:publisher\" content=\"https:\/\/www.facebook.com\/fotowasikfotografiaifilmowanie\" \/>\n<meta property=\"article:modified_time\" content=\"2026-03-11T09:54:11+00:00\" \/>\n<meta name=\"twitter:card\" content=\"summary_large_image\" \/>\n<meta name=\"twitter:label1\" content=\"Szacowany czas czytania\" \/>\n\t<meta name=\"twitter:data1\" content=\"2 minuty\" \/>\n<script type=\"application\/ld+json\" class=\"yoast-schema-graph\">{\"@context\":\"https:\/\/schema.org\",\"@graph\":[{\"@type\":\"WebPage\",\"@id\":\"https:\/\/foto-wasik.pl\/\",\"url\":\"https:\/\/foto-wasik.pl\/\",\"name\":\"FOTO-W\u0104SIK | FOTOGRAFIA I FILMOWANIE \u015aLUBNE\",\"isPartOf\":{\"@id\":\"https:\/\/foto-wasik.pl\/#website\"},\"datePublished\":\"2019-02-27T14:21:35+00:00\",\"dateModified\":\"2026-03-11T09:54:11+00:00\",\"description\":\"FOTO-W\u0104SIK to uznane studio fotograficzne wykonuj\u0105ce reporta\u017ce \u015blubne, sesje dzieci\u0119ce i wiele wi\u0119cej. Sprawd\u017a nasz\u0105 ofert\u0119 i uzupe\u0142nij formularz!\",\"breadcrumb\":{\"@id\":\"https:\/\/foto-wasik.pl\/#breadcrumb\"},\"inLanguage\":\"pl-PL\",\"potentialAction\":[{\"@type\":\"ReadAction\",\"target\":[\"https:\/\/foto-wasik.pl\/\"]}]},{\"@type\":\"BreadcrumbList\",\"@id\":\"https:\/\/foto-wasik.pl\/#breadcrumb\",\"itemListElement\":[{\"@type\":\"ListItem\",\"position\":1,\"name\":\"Strona g\u0142\u00f3wna\",\"item\":\"https:\/\/foto-wasik.pl\/\"},{\"@type\":\"ListItem\",\"position\":2,\"name\":\"Strona wyboru\"}]},{\"@type\":\"WebSite\",\"@id\":\"https:\/\/foto-wasik.pl\/#website\",\"url\":\"https:\/\/foto-wasik.pl\/\",\"name\":\"FOTO-W\u0104SIK | FOTOGRAFIA I FILMOWANIE \u015aLUBNE\",\"description\":\"FOTO-W\u0104SIK to uznane studio fotograficzne wykonuj\u0105ce reporta\u017ce \u015blubne, sesje dzieci\u0119ce i wiele wi\u0119cej. Sprawd\u017a nasz\u0105 ofert\u0119 i uzupe\u0142nij formularz kontaktowy!\",\"publisher\":{\"@id\":\"https:\/\/foto-wasik.pl\/#organization\"},\"potentialAction\":[{\"@type\":\"SearchAction\",\"target\":{\"@type\":\"EntryPoint\",\"urlTemplate\":\"https:\/\/foto-wasik.pl\/?s={search_term_string}\"},\"query-input\":\"required name=search_term_string\"}],\"inLanguage\":\"pl-PL\"},{\"@type\":\"Organization\",\"@id\":\"https:\/\/foto-wasik.pl\/#organization\",\"name\":\"FOTO-W\u0104SIK | FOTOGRAFIA I FILMOWANIE \u015aLUBNE\",\"url\":\"https:\/\/foto-wasik.pl\/\",\"sameAs\":[\"https:\/\/www.facebook.com\/fotowasikfotografiaifilmowanie\"],\"logo\":{\"@type\":\"ImageObject\",\"inLanguage\":\"pl-PL\",\"@id\":\"https:\/\/foto-wasik.pl\/#\/schema\/logo\/image\/\",\"url\":\"https:\/\/foto-wasik.pl\/wp-content\/uploads\/2022\/08\/fb.jpg\",\"contentUrl\":\"https:\/\/foto-wasik.pl\/wp-content\/uploads\/2022\/08\/fb.jpg\",\"width\":340,\"height\":340,\"caption\":\"FOTO-W\u0104SIK | FOTOGRAFIA I FILMOWANIE \u015aLUBNE\"},\"image\":{\"@id\":\"https:\/\/foto-wasik.pl\/#\/schema\/logo\/image\/\"}}]}<\/script>\n<!-- \/ Yoast SEO plugin. -->","yoast_head_json":{"title":"FOTO-W\u0104SIK | FOTOGRAFIA I FILMOWANIE \u015aLUBNE","description":"FOTO-W\u0104SIK to uznane studio fotograficzne wykonuj\u0105ce reporta\u017ce \u015blubne, sesje dzieci\u0119ce i wiele wi\u0119cej. Sprawd\u017a nasz\u0105 ofert\u0119 i uzupe\u0142nij formularz!","robots":{"index":"index","follow":"follow","max-snippet":"max-snippet:-1","max-image-preview":"max-image-preview:large","max-video-preview":"max-video-preview:-1"},"canonical":"https:\/\/foto-wasik.pl\/","og_locale":"pl_PL","og_type":"article","og_title":"FOTO-W\u0104SIK | FOTOGRAFIA I FILMOWANIE \u015aLUBNE","og_description":"FOTO-W\u0104SIK to uznane studio fotograficzne wykonuj\u0105ce reporta\u017ce \u015blubne, sesje dzieci\u0119ce i wiele wi\u0119cej. Sprawd\u017a nasz\u0105 ofert\u0119 i uzupe\u0142nij formularz!","og_url":"https:\/\/foto-wasik.pl\/","og_site_name":"FOTO-W\u0104SIK | FOTOGRAFIA I FILMOWANIE \u015aLUBNE","article_publisher":"https:\/\/www.facebook.com\/fotowasikfotografiaifilmowanie","article_modified_time":"2026-03-11T09:54:11+00:00","twitter_card":"summary_large_image","twitter_misc":{"Szacowany czas czytania":"2 minuty"},"schema":{"@context":"https:\/\/schema.org","@graph":[{"@type":"WebPage","@id":"https:\/\/foto-wasik.pl\/","url":"https:\/\/foto-wasik.pl\/","name":"FOTO-W\u0104SIK | FOTOGRAFIA I FILMOWANIE \u015aLUBNE","isPartOf":{"@id":"https:\/\/foto-wasik.pl\/#website"},"datePublished":"2019-02-27T14:21:35+00:00","dateModified":"2026-03-11T09:54:11+00:00","description":"FOTO-W\u0104SIK to uznane studio fotograficzne wykonuj\u0105ce reporta\u017ce \u015blubne, sesje dzieci\u0119ce i wiele wi\u0119cej. Sprawd\u017a nasz\u0105 ofert\u0119 i uzupe\u0142nij formularz!","breadcrumb":{"@id":"https:\/\/foto-wasik.pl\/#breadcrumb"},"inLanguage":"pl-PL","potentialAction":[{"@type":"ReadAction","target":["https:\/\/foto-wasik.pl\/"]}]},{"@type":"BreadcrumbList","@id":"https:\/\/foto-wasik.pl\/#breadcrumb","itemListElement":[{"@type":"ListItem","position":1,"name":"Strona g\u0142\u00f3wna","item":"https:\/\/foto-wasik.pl\/"},{"@type":"ListItem","position":2,"name":"Strona wyboru"}]},{"@type":"WebSite","@id":"https:\/\/foto-wasik.pl\/#website","url":"https:\/\/foto-wasik.pl\/","name":"FOTO-W\u0104SIK | FOTOGRAFIA I FILMOWANIE \u015aLUBNE","description":"FOTO-W\u0104SIK to uznane studio fotograficzne wykonuj\u0105ce reporta\u017ce \u015blubne, sesje dzieci\u0119ce i wiele wi\u0119cej. Sprawd\u017a nasz\u0105 ofert\u0119 i uzupe\u0142nij formularz kontaktowy!","publisher":{"@id":"https:\/\/foto-wasik.pl\/#organization"},"potentialAction":[{"@type":"SearchAction","target":{"@type":"EntryPoint","urlTemplate":"https:\/\/foto-wasik.pl\/?s={search_term_string}"},"query-input":"required name=search_term_string"}],"inLanguage":"pl-PL"},{"@type":"Organization","@id":"https:\/\/foto-wasik.pl\/#organization","name":"FOTO-W\u0104SIK | FOTOGRAFIA I FILMOWANIE \u015aLUBNE","url":"https:\/\/foto-wasik.pl\/","sameAs":["https:\/\/www.facebook.com\/fotowasikfotografiaifilmowanie"],"logo":{"@type":"ImageObject","inLanguage":"pl-PL","@id":"https:\/\/foto-wasik.pl\/#\/schema\/logo\/image\/","url":"https:\/\/foto-wasik.pl\/wp-content\/uploads\/2022\/08\/fb.jpg","contentUrl":"https:\/\/foto-wasik.pl\/wp-content\/uploads\/2022\/08\/fb.jpg","width":340,"height":340,"caption":"FOTO-W\u0104SIK | FOTOGRAFIA I FILMOWANIE \u015aLUBNE"},"image":{"@id":"https:\/\/foto-wasik.pl\/#\/schema\/logo\/image\/"}}]}},"_links":{"self":[{"href":"https:\/\/foto-wasik.pl\/index.php\/wp-json\/wp\/v2\/pages\/151"}],"collection":[{"href":"https:\/\/foto-wasik.pl\/index.php\/wp-json\/wp\/v2\/pages"}],"about":[{"href":"https:\/\/foto-wasik.pl\/index.php\/wp-json\/wp\/v2\/types\/page"}],"author":[{"embeddable":true,"href":"https:\/\/foto-wasik.pl\/index.php\/wp-json\/wp\/v2\/users\/1"}],"replies":[{"embeddable":true,"href":"https:\/\/foto-wasik.pl\/index.php\/wp-json\/wp\/v2\/comments?post=151"}],"version-history":[{"count":101,"href":"https:\/\/foto-wasik.pl\/index.php\/wp-json\/wp\/v2\/pages\/151\/revisions"}],"predecessor-version":[{"id":6593,"href":"https:\/\/foto-wasik.pl\/index.php\/wp-json\/wp\/v2\/pages\/151\/revisions\/6593"}],"wp:attachment":[{"href":"https:\/\/foto-wasik.pl\/index.php\/wp-json\/wp\/v2\/media?parent=151"}],"curies":[{"name":"wp","href":"https:\/\/api.w.org\/{rel}","templated":true}]}}