{"id":3433,"date":"2021-07-21T13:16:02","date_gmt":"2021-07-21T11:16:02","guid":{"rendered":"http:\/\/foto-wasik.pl\/?page_id=3433"},"modified":"2022-09-11T17:15:38","modified_gmt":"2022-09-11T15:15:38","slug":"lawenda","status":"publish","type":"page","link":"https:\/\/foto-wasik.pl\/index.php\/galeria\/sesje-w-plenerze\/lawenda\/","title":{"rendered":"LAWENDA"},"content":{"rendered":"<p>[et_pb_section fb_built=&#8221;1&#8243; _builder_version=&#8221;4.16&#8243; _module_preset=&#8221;default&#8221; global_colors_info=&#8221;{}&#8221; custom_padding=&#8221;||0px|||&#8221;][et_pb_row column_structure=&#8221;1_3,1_3,1_3&#8243; _builder_version=&#8221;4.16&#8243; _module_preset=&#8221;default&#8221; global_colors_info=&#8221;{}&#8221;][et_pb_column type=&#8221;1_3&#8243; _builder_version=&#8221;4.16&#8243; _module_preset=&#8221;default&#8221; global_colors_info=&#8221;{}&#8221;][et_pb_blurb url=&#8221;https:\/\/foto-wasik.pl\/index.php\/galeria\/sesje-w-plenerze\/lawenda\/madzia-i-bartek\/&#8221; image=&#8221;https:\/\/foto-wasik.pl\/wp-content\/uploads\/2022\/09\/IMG_-109.jpg&#8221; _builder_version=&#8221;4.18.0&#8243; _module_preset=&#8221;default&#8221; hover_enabled=&#8221;0&#8243; global_colors_info=&#8221;{}&#8221; title_text=&#8221;IMG_ (109)&#8221; sticky_enabled=&#8221;0&#8243; image_icon_width=&#8221;60%&#8221;]<\/p>\n<h2 style=\"text-align: center;\">MADZIA I BARTEK<\/h2>\n<p>[\/et_pb_blurb][\/et_pb_column][et_pb_column type=&#8221;1_3&#8243; _builder_version=&#8221;4.16&#8243; _module_preset=&#8221;default&#8221; global_colors_info=&#8221;{}&#8221;][et_pb_blurb url=&#8221;https:\/\/foto-wasik.pl\/index.php\/galeria\/sesje-w-plenerze\/lawenda\/lenka\/&#8221; image=&#8221;https:\/\/foto-wasik.pl\/wp-content\/uploads\/2022\/08\/IMG_-38-1.jpg&#8221; content_max_width=&#8221;301px&#8221; _builder_version=&#8221;4.18.0&#8243; _module_preset=&#8221;default&#8221; global_colors_info=&#8221;{}&#8221;]<\/p>\n<h2 style=\"text-align: center;\">LENKA<\/h2>\n<p>[\/et_pb_blurb][\/et_pb_column][et_pb_column type=&#8221;1_3&#8243; _builder_version=&#8221;4.16&#8243; _module_preset=&#8221;default&#8221; global_colors_info=&#8221;{}&#8221;][et_pb_blurb url=&#8221;https:\/\/foto-wasik.pl\/index.php\/galeria\/sesje-w-plenerze\/lawenda\/krzys-sesja-urodzinowa\/&#8221; image=&#8221;https:\/\/foto-wasik.pl\/wp-content\/uploads\/2022\/08\/IMG_-97.jpg&#8221; content_max_width=&#8221;301px&#8221; _builder_version=&#8221;4.18.0&#8243; _module_preset=&#8221;default&#8221; global_colors_info=&#8221;{}&#8221;]<\/p>\n<h2 style=\"text-align: center;\">KRZY\u015a<\/h2>\n<h2 style=\"text-align: center;\">SESJA URODZINOWA<\/h2>\n<p>[\/et_pb_blurb][\/et_pb_column][\/et_pb_row][\/et_pb_section][et_pb_section fb_built=&#8221;1&#8243; _builder_version=&#8221;4.16&#8243; _module_preset=&#8221;default&#8221; global_colors_info=&#8221;{}&#8221; custom_padding=&#8221;23px|||||&#8221;][et_pb_row column_structure=&#8221;1_3,1_3,1_3&#8243; _builder_version=&#8221;4.16&#8243; _module_preset=&#8221;default&#8221; global_colors_info=&#8221;{}&#8221;][et_pb_column type=&#8221;1_3&#8243; _builder_version=&#8221;4.16&#8243; _module_preset=&#8221;default&#8221; global_colors_info=&#8221;{}&#8221;][et_pb_blurb url=&#8221;https:\/\/foto-wasik.pl\/index.php\/galeria\/sesje-w-plenerze\/lawenda\/sesja-rodzinna-ciazowa\/&#8221; image=&#8221;https:\/\/foto-wasik.pl\/wp-content\/uploads\/2022\/08\/IMG_-83.jpg&#8221; content_max_width=&#8221;301px&#8221; _builder_version=&#8221;4.18.0&#8243; _module_preset=&#8221;default&#8221; global_colors_info=&#8221;{}&#8221;]<\/p>\n<h2 style=\"text-align: center;\">SESJA RODZINNA (CI\u0104\u017bOWA)<\/h2>\n<p>[\/et_pb_blurb][\/et_pb_column][et_pb_column type=&#8221;1_3&#8243; _builder_version=&#8221;4.16&#8243; _module_preset=&#8221;default&#8221; global_colors_info=&#8221;{}&#8221;][et_pb_blurb url=&#8221;https:\/\/foto-wasik.pl\/index.php\/galeria\/sesje-w-plenerze\/lawenda\/sesja-rodzinna\/&#8221; image=&#8221;https:\/\/foto-wasik.pl\/wp-content\/uploads\/2021\/08\/IMG_-43-1-300&#215;198.jpg&#8221; _builder_version=&#8221;4.18.0&#8243; _module_preset=&#8221;default&#8221; global_colors_info=&#8221;{}&#8221;]<\/p>\n<h2 style=\"text-align: center;\">SESJA RODZINNA<\/h2>\n<p>[\/et_pb_blurb][\/et_pb_column][et_pb_column type=&#8221;1_3&#8243; _builder_version=&#8221;4.16&#8243; _module_preset=&#8221;default&#8221; global_colors_info=&#8221;{}&#8221;][\/et_pb_column][\/et_pb_row][\/et_pb_section]<\/p>\n","protected":false},"excerpt":{"rendered":"<p>MADZIA I BARTEKLENKAKRZY\u015a SESJA URODZINOWASESJA RODZINNA (CI\u0104\u017bOWA)SESJA RODZINNA<\/p>\n","protected":false},"author":1,"featured_media":0,"parent":3431,"menu_order":0,"comment_status":"closed","ping_status":"closed","template":"","meta":{"_et_pb_use_builder":"on","_et_pb_old_content":"","_et_gb_content_width":""},"yoast_head":"<!-- This site is optimized with the Yoast SEO plugin v19.5.1 - https:\/\/yoast.com\/wordpress\/plugins\/seo\/ -->\n<title>LAWENDA - FOTO-W\u0104SIK | FOTOGRAFIA I FILMOWANIE \u015aLUBNE<\/title>\n<meta name=\"robots\" content=\"index, follow, max-snippet:-1, max-image-preview:large, max-video-preview:-1\" \/>\n<link rel=\"canonical\" href=\"https:\/\/foto-wasik.pl\/index.php\/galeria\/sesje-w-plenerze\/lawenda\/\" \/>\n<meta property=\"og:locale\" content=\"pl_PL\" \/>\n<meta property=\"og:type\" content=\"article\" \/>\n<meta property=\"og:title\" content=\"LAWENDA - FOTO-W\u0104SIK | FOTOGRAFIA I FILMOWANIE \u015aLUBNE\" \/>\n<meta property=\"og:description\" content=\"MADZIA I BARTEKLENKAKRZY\u015a SESJA URODZINOWASESJA RODZINNA (CI\u0104\u017bOWA)SESJA RODZINNA\" \/>\n<meta property=\"og:url\" content=\"https:\/\/foto-wasik.pl\/index.php\/galeria\/sesje-w-plenerze\/lawenda\/\" \/>\n<meta property=\"og:site_name\" content=\"FOTO-W\u0104SIK | FOTOGRAFIA I FILMOWANIE \u015aLUBNE\" \/>\n<meta property=\"article:publisher\" content=\"https:\/\/www.facebook.com\/fotowasikfotografiaifilmowanie\" \/>\n<meta property=\"article:modified_time\" content=\"2022-09-11T15:15:38+00:00\" \/>\n<meta name=\"twitter:card\" content=\"summary_large_image\" \/>\n<meta name=\"twitter:label1\" content=\"Szacowany czas czytania\" \/>\n\t<meta name=\"twitter:data1\" content=\"2 minuty\" \/>\n<script type=\"application\/ld+json\" class=\"yoast-schema-graph\">{\"@context\":\"https:\/\/schema.org\",\"@graph\":[{\"@type\":\"WebPage\",\"@id\":\"https:\/\/foto-wasik.pl\/index.php\/galeria\/sesje-w-plenerze\/lawenda\/\",\"url\":\"https:\/\/foto-wasik.pl\/index.php\/galeria\/sesje-w-plenerze\/lawenda\/\",\"name\":\"LAWENDA - FOTO-W\u0104SIK | FOTOGRAFIA I FILMOWANIE \u015aLUBNE\",\"isPartOf\":{\"@id\":\"https:\/\/foto-wasik.pl\/#website\"},\"datePublished\":\"2021-07-21T11:16:02+00:00\",\"dateModified\":\"2022-09-11T15:15:38+00:00\",\"breadcrumb\":{\"@id\":\"https:\/\/foto-wasik.pl\/index.php\/galeria\/sesje-w-plenerze\/lawenda\/#breadcrumb\"},\"inLanguage\":\"pl-PL\",\"potentialAction\":[{\"@type\":\"ReadAction\",\"target\":[\"https:\/\/foto-wasik.pl\/index.php\/galeria\/sesje-w-plenerze\/lawenda\/\"]}]},{\"@type\":\"BreadcrumbList\",\"@id\":\"https:\/\/foto-wasik.pl\/index.php\/galeria\/sesje-w-plenerze\/lawenda\/#breadcrumb\",\"itemListElement\":[{\"@type\":\"ListItem\",\"position\":1,\"name\":\"Strona g\u0142\u00f3wna\",\"item\":\"https:\/\/foto-wasik.pl\/\"},{\"@type\":\"ListItem\",\"position\":2,\"name\":\"Galeria\",\"item\":\"https:\/\/foto-wasik.pl\/index.php\/galeria\/\"},{\"@type\":\"ListItem\",\"position\":3,\"name\":\"SESJE W PLENERZE\",\"item\":\"https:\/\/foto-wasik.pl\/index.php\/galeria\/sesje-w-plenerze\/\"},{\"@type\":\"ListItem\",\"position\":4,\"name\":\"LAWENDA\"}]},{\"@type\":\"WebSite\",\"@id\":\"https:\/\/foto-wasik.pl\/#website\",\"url\":\"https:\/\/foto-wasik.pl\/\",\"name\":\"FOTO-W\u0104SIK | FOTOGRAFIA I FILMOWANIE \u015aLUBNE\",\"description\":\"FOTO-W\u0104SIK to uznane studio fotograficzne wykonuj\u0105ce reporta\u017ce \u015blubne, sesje dzieci\u0119ce i wiele wi\u0119cej. Sprawd\u017a nasz\u0105 ofert\u0119 i uzupe\u0142nij formularz kontaktowy!\",\"publisher\":{\"@id\":\"https:\/\/foto-wasik.pl\/#organization\"},\"potentialAction\":[{\"@type\":\"SearchAction\",\"target\":{\"@type\":\"EntryPoint\",\"urlTemplate\":\"https:\/\/foto-wasik.pl\/?s={search_term_string}\"},\"query-input\":\"required name=search_term_string\"}],\"inLanguage\":\"pl-PL\"},{\"@type\":\"Organization\",\"@id\":\"https:\/\/foto-wasik.pl\/#organization\",\"name\":\"FOTO-W\u0104SIK | FOTOGRAFIA I FILMOWANIE \u015aLUBNE\",\"url\":\"https:\/\/foto-wasik.pl\/\",\"sameAs\":[\"https:\/\/www.facebook.com\/fotowasikfotografiaifilmowanie\"],\"logo\":{\"@type\":\"ImageObject\",\"inLanguage\":\"pl-PL\",\"@id\":\"https:\/\/foto-wasik.pl\/#\/schema\/logo\/image\/\",\"url\":\"https:\/\/foto-wasik.pl\/wp-content\/uploads\/2022\/08\/fb.jpg\",\"contentUrl\":\"https:\/\/foto-wasik.pl\/wp-content\/uploads\/2022\/08\/fb.jpg\",\"width\":340,\"height\":340,\"caption\":\"FOTO-W\u0104SIK | FOTOGRAFIA I FILMOWANIE \u015aLUBNE\"},\"image\":{\"@id\":\"https:\/\/foto-wasik.pl\/#\/schema\/logo\/image\/\"}}]}<\/script>\n<!-- \/ Yoast SEO plugin. -->","yoast_head_json":{"title":"LAWENDA - FOTO-W\u0104SIK | FOTOGRAFIA I FILMOWANIE \u015aLUBNE","robots":{"index":"index","follow":"follow","max-snippet":"max-snippet:-1","max-image-preview":"max-image-preview:large","max-video-preview":"max-video-preview:-1"},"canonical":"https:\/\/foto-wasik.pl\/index.php\/galeria\/sesje-w-plenerze\/lawenda\/","og_locale":"pl_PL","og_type":"article","og_title":"LAWENDA - FOTO-W\u0104SIK | FOTOGRAFIA I FILMOWANIE \u015aLUBNE","og_description":"MADZIA I BARTEKLENKAKRZY\u015a SESJA URODZINOWASESJA RODZINNA (CI\u0104\u017bOWA)SESJA RODZINNA","og_url":"https:\/\/foto-wasik.pl\/index.php\/galeria\/sesje-w-plenerze\/lawenda\/","og_site_name":"FOTO-W\u0104SIK | FOTOGRAFIA I FILMOWANIE \u015aLUBNE","article_publisher":"https:\/\/www.facebook.com\/fotowasikfotografiaifilmowanie","article_modified_time":"2022-09-11T15:15:38+00:00","twitter_card":"summary_large_image","twitter_misc":{"Szacowany czas czytania":"2 minuty"},"schema":{"@context":"https:\/\/schema.org","@graph":[{"@type":"WebPage","@id":"https:\/\/foto-wasik.pl\/index.php\/galeria\/sesje-w-plenerze\/lawenda\/","url":"https:\/\/foto-wasik.pl\/index.php\/galeria\/sesje-w-plenerze\/lawenda\/","name":"LAWENDA - FOTO-W\u0104SIK | FOTOGRAFIA I FILMOWANIE \u015aLUBNE","isPartOf":{"@id":"https:\/\/foto-wasik.pl\/#website"},"datePublished":"2021-07-21T11:16:02+00:00","dateModified":"2022-09-11T15:15:38+00:00","breadcrumb":{"@id":"https:\/\/foto-wasik.pl\/index.php\/galeria\/sesje-w-plenerze\/lawenda\/#breadcrumb"},"inLanguage":"pl-PL","potentialAction":[{"@type":"ReadAction","target":["https:\/\/foto-wasik.pl\/index.php\/galeria\/sesje-w-plenerze\/lawenda\/"]}]},{"@type":"BreadcrumbList","@id":"https:\/\/foto-wasik.pl\/index.php\/galeria\/sesje-w-plenerze\/lawenda\/#breadcrumb","itemListElement":[{"@type":"ListItem","position":1,"name":"Strona g\u0142\u00f3wna","item":"https:\/\/foto-wasik.pl\/"},{"@type":"ListItem","position":2,"name":"Galeria","item":"https:\/\/foto-wasik.pl\/index.php\/galeria\/"},{"@type":"ListItem","position":3,"name":"SESJE W PLENERZE","item":"https:\/\/foto-wasik.pl\/index.php\/galeria\/sesje-w-plenerze\/"},{"@type":"ListItem","position":4,"name":"LAWENDA"}]},{"@type":"WebSite","@id":"https:\/\/foto-wasik.pl\/#website","url":"https:\/\/foto-wasik.pl\/","name":"FOTO-W\u0104SIK | FOTOGRAFIA I FILMOWANIE \u015aLUBNE","description":"FOTO-W\u0104SIK to uznane studio fotograficzne wykonuj\u0105ce reporta\u017ce \u015blubne, sesje dzieci\u0119ce i wiele wi\u0119cej. Sprawd\u017a nasz\u0105 ofert\u0119 i uzupe\u0142nij formularz kontaktowy!","publisher":{"@id":"https:\/\/foto-wasik.pl\/#organization"},"potentialAction":[{"@type":"SearchAction","target":{"@type":"EntryPoint","urlTemplate":"https:\/\/foto-wasik.pl\/?s={search_term_string}"},"query-input":"required name=search_term_string"}],"inLanguage":"pl-PL"},{"@type":"Organization","@id":"https:\/\/foto-wasik.pl\/#organization","name":"FOTO-W\u0104SIK | FOTOGRAFIA I FILMOWANIE \u015aLUBNE","url":"https:\/\/foto-wasik.pl\/","sameAs":["https:\/\/www.facebook.com\/fotowasikfotografiaifilmowanie"],"logo":{"@type":"ImageObject","inLanguage":"pl-PL","@id":"https:\/\/foto-wasik.pl\/#\/schema\/logo\/image\/","url":"https:\/\/foto-wasik.pl\/wp-content\/uploads\/2022\/08\/fb.jpg","contentUrl":"https:\/\/foto-wasik.pl\/wp-content\/uploads\/2022\/08\/fb.jpg","width":340,"height":340,"caption":"FOTO-W\u0104SIK | FOTOGRAFIA I FILMOWANIE \u015aLUBNE"},"image":{"@id":"https:\/\/foto-wasik.pl\/#\/schema\/logo\/image\/"}}]}},"_links":{"self":[{"href":"https:\/\/foto-wasik.pl\/index.php\/wp-json\/wp\/v2\/pages\/3433"}],"collection":[{"href":"https:\/\/foto-wasik.pl\/index.php\/wp-json\/wp\/v2\/pages"}],"about":[{"href":"https:\/\/foto-wasik.pl\/index.php\/wp-json\/wp\/v2\/types\/page"}],"author":[{"embeddable":true,"href":"https:\/\/foto-wasik.pl\/index.php\/wp-json\/wp\/v2\/users\/1"}],"replies":[{"embeddable":true,"href":"https:\/\/foto-wasik.pl\/index.php\/wp-json\/wp\/v2\/comments?post=3433"}],"version-history":[{"count":12,"href":"https:\/\/foto-wasik.pl\/index.php\/wp-json\/wp\/v2\/pages\/3433\/revisions"}],"predecessor-version":[{"id":5893,"href":"https:\/\/foto-wasik.pl\/index.php\/wp-json\/wp\/v2\/pages\/3433\/revisions\/5893"}],"up":[{"embeddable":true,"href":"https:\/\/foto-wasik.pl\/index.php\/wp-json\/wp\/v2\/pages\/3431"}],"wp:attachment":[{"href":"https:\/\/foto-wasik.pl\/index.php\/wp-json\/wp\/v2\/media?parent=3433"}],"curies":[{"name":"wp","href":"https:\/\/api.w.org\/{rel}","templated":true}]}}