{"id":5796,"date":"2022-08-16T21:02:01","date_gmt":"2022-08-16T19:02:01","guid":{"rendered":"https:\/\/foto-wasik.pl\/?page_id=5796"},"modified":"2022-08-16T21:08:10","modified_gmt":"2022-08-16T19:08:10","slug":"sesja-rodzinna-ciazowa","status":"publish","type":"page","link":"https:\/\/foto-wasik.pl\/index.php\/galeria\/sesje-w-plenerze\/lawenda\/sesja-rodzinna-ciazowa\/","title":{"rendered":"Sesja Rodzinna (Ci\u0105\u017cowa)"},"content":{"rendered":"<p>[et_pb_section fb_built=&#8221;1&#8243; fullwidth=&#8221;on&#8221; theme_builder_area=&#8221;post_content&#8221; _builder_version=&#8221;4.18.0&#8243; _module_preset=&#8221;default&#8221;][et_pb_fullwidth_code _builder_version=&#8221;4.18.0&#8243; _module_preset=&#8221;default&#8221; theme_builder_area=&#8221;post_content&#8221; hover_enabled=&#8221;0&#8243; sticky_enabled=&#8221;0&#8243;]\t\t\t<style>\r\n                #foogallery-gallery-5799.fg-justified .fg-item {\r\n                    margin-right: 2px;\r\n                    margin-bottom: 2px;\r\n                }\r\n\r\n                #foogallery-gallery-5799.fg-justified .fg-image {\r\n                    height: 400px;\r\n                }\r\n\t\t\t<\/style>\r\n\t\t\t<div class=\"foogallery foogallery-container foogallery-justified foogallery-lightbox-none fg-justified fg-light fg-shadow-outline fg-loading-default fg-loaded-fade-in fg-caption-always fg-hover-fade fg-hover-zoom2 fg-ready\" id=\"foogallery-gallery-5799\" data-foogallery=\"{&quot;item&quot;:{&quot;showCaptionTitle&quot;:true,&quot;showCaptionDescription&quot;:false},&quot;lazy&quot;:true,&quot;template&quot;:{&quot;rowHeight&quot;:400,&quot;maxRowHeight&quot;:600,&quot;margins&quot;:2,&quot;align&quot;:&quot;center&quot;,&quot;lastRow&quot;:&quot;smart&quot;}}\" >\r\n\t<div class=\"fg-item fg-type-image fg-idle\"><figure class=\"fg-item-inner\"><a href=\"https:\/\/foto-wasik.pl\/wp-content\/uploads\/2022\/08\/IMG_-54.jpg\" data-attachment-id=\"5786\" class=\"fg-thumb\"><span class=\"fg-image-wrap\"><img loading=\"lazy\" height=\"600\" width=\"900\" class=\"skip-lazy fg-image\" data-src-fg=\"https:\/\/foto-wasik.pl\/wp-content\/uploads\/cache\/2022\/08\/IMG_-54\/2559400394.jpg\" src=\"data:image\/svg+xml,%3Csvg%20xmlns%3D%22http%3A%2F%2Fwww.w3.org%2F2000%2Fsvg%22%20width%3D%22900%22%20height%3D%22600%22%20viewBox%3D%220%200%20900%20600%22%3E%3C%2Fsvg%3E\" \/><\/span><span class=\"fg-image-overlay\"><\/span><\/a><figcaption class=\"fg-caption\"><div class=\"fg-caption-inner\"><\/div><\/figcaption><\/figure><div class=\"fg-loader\"><\/div><\/div><div class=\"fg-item fg-type-image fg-idle\"><figure class=\"fg-item-inner\"><a href=\"https:\/\/foto-wasik.pl\/wp-content\/uploads\/2022\/08\/IMG_-70.jpg\" data-attachment-id=\"5787\" class=\"fg-thumb\"><span class=\"fg-image-wrap\"><img loading=\"lazy\" height=\"600\" width=\"900\" class=\"skip-lazy fg-image\" data-src-fg=\"https:\/\/foto-wasik.pl\/wp-content\/uploads\/cache\/2022\/08\/IMG_-70\/731391059.jpg\" src=\"data:image\/svg+xml,%3Csvg%20xmlns%3D%22http%3A%2F%2Fwww.w3.org%2F2000%2Fsvg%22%20width%3D%22900%22%20height%3D%22600%22%20viewBox%3D%220%200%20900%20600%22%3E%3C%2Fsvg%3E\" \/><\/span><span class=\"fg-image-overlay\"><\/span><\/a><figcaption class=\"fg-caption\"><div class=\"fg-caption-inner\"><\/div><\/figcaption><\/figure><div class=\"fg-loader\"><\/div><\/div><div class=\"fg-item fg-type-image fg-idle\"><figure class=\"fg-item-inner\"><a href=\"https:\/\/foto-wasik.pl\/wp-content\/uploads\/2022\/08\/IMG_-83.jpg\" data-attachment-id=\"5788\" class=\"fg-thumb\"><span class=\"fg-image-wrap\"><img loading=\"lazy\" height=\"600\" width=\"900\" class=\"skip-lazy fg-image\" data-src-fg=\"https:\/\/foto-wasik.pl\/wp-content\/uploads\/cache\/2022\/08\/IMG_-83\/4223316210.jpg\" src=\"data:image\/svg+xml,%3Csvg%20xmlns%3D%22http%3A%2F%2Fwww.w3.org%2F2000%2Fsvg%22%20width%3D%22900%22%20height%3D%22600%22%20viewBox%3D%220%200%20900%20600%22%3E%3C%2Fsvg%3E\" \/><\/span><span class=\"fg-image-overlay\"><\/span><\/a><figcaption class=\"fg-caption\"><div class=\"fg-caption-inner\"><\/div><\/figcaption><\/figure><div class=\"fg-loader\"><\/div><\/div><div class=\"fg-item fg-type-image fg-idle\"><figure class=\"fg-item-inner\"><a href=\"https:\/\/foto-wasik.pl\/wp-content\/uploads\/2022\/08\/IMG_-94.jpg\" data-attachment-id=\"5789\" class=\"fg-thumb\"><span class=\"fg-image-wrap\"><img loading=\"lazy\" height=\"600\" width=\"900\" class=\"skip-lazy fg-image\" data-src-fg=\"https:\/\/foto-wasik.pl\/wp-content\/uploads\/cache\/2022\/08\/IMG_-94\/4289590861.jpg\" src=\"data:image\/svg+xml,%3Csvg%20xmlns%3D%22http%3A%2F%2Fwww.w3.org%2F2000%2Fsvg%22%20width%3D%22900%22%20height%3D%22600%22%20viewBox%3D%220%200%20900%20600%22%3E%3C%2Fsvg%3E\" \/><\/span><span class=\"fg-image-overlay\"><\/span><\/a><figcaption class=\"fg-caption\"><div class=\"fg-caption-inner\"><\/div><\/figcaption><\/figure><div class=\"fg-loader\"><\/div><\/div><div class=\"fg-item fg-type-image fg-idle\"><figure class=\"fg-item-inner\"><a href=\"https:\/\/foto-wasik.pl\/wp-content\/uploads\/2022\/08\/IMG_-96.jpg\" data-attachment-id=\"5790\" class=\"fg-thumb\"><span class=\"fg-image-wrap\"><img loading=\"lazy\" height=\"600\" width=\"900\" class=\"skip-lazy fg-image\" data-src-fg=\"https:\/\/foto-wasik.pl\/wp-content\/uploads\/cache\/2022\/08\/IMG_-96\/3105016401.jpg\" src=\"data:image\/svg+xml,%3Csvg%20xmlns%3D%22http%3A%2F%2Fwww.w3.org%2F2000%2Fsvg%22%20width%3D%22900%22%20height%3D%22600%22%20viewBox%3D%220%200%20900%20600%22%3E%3C%2Fsvg%3E\" \/><\/span><span class=\"fg-image-overlay\"><\/span><\/a><figcaption class=\"fg-caption\"><div class=\"fg-caption-inner\"><\/div><\/figcaption><\/figure><div class=\"fg-loader\"><\/div><\/div><div class=\"fg-item fg-type-image fg-idle\"><figure class=\"fg-item-inner\"><a href=\"https:\/\/foto-wasik.pl\/wp-content\/uploads\/2022\/08\/IMG_-99.jpg\" data-attachment-id=\"5791\" class=\"fg-thumb\"><span class=\"fg-image-wrap\"><img loading=\"lazy\" height=\"600\" width=\"900\" class=\"skip-lazy fg-image\" data-src-fg=\"https:\/\/foto-wasik.pl\/wp-content\/uploads\/cache\/2022\/08\/IMG_-99\/2040234776.jpg\" src=\"data:image\/svg+xml,%3Csvg%20xmlns%3D%22http%3A%2F%2Fwww.w3.org%2F2000%2Fsvg%22%20width%3D%22900%22%20height%3D%22600%22%20viewBox%3D%220%200%20900%20600%22%3E%3C%2Fsvg%3E\" \/><\/span><span class=\"fg-image-overlay\"><\/span><\/a><figcaption class=\"fg-caption\"><div class=\"fg-caption-inner\"><\/div><\/figcaption><\/figure><div class=\"fg-loader\"><\/div><\/div><div class=\"fg-item fg-type-image fg-idle\"><figure class=\"fg-item-inner\"><a href=\"https:\/\/foto-wasik.pl\/wp-content\/uploads\/2022\/08\/IMG_-101.jpg\" data-attachment-id=\"5792\" class=\"fg-thumb\"><span class=\"fg-image-wrap\"><img loading=\"lazy\" height=\"600\" width=\"900\" class=\"skip-lazy fg-image\" data-src-fg=\"https:\/\/foto-wasik.pl\/wp-content\/uploads\/cache\/2022\/08\/IMG_-101\/4152827175.jpg\" src=\"data:image\/svg+xml,%3Csvg%20xmlns%3D%22http%3A%2F%2Fwww.w3.org%2F2000%2Fsvg%22%20width%3D%22900%22%20height%3D%22600%22%20viewBox%3D%220%200%20900%20600%22%3E%3C%2Fsvg%3E\" \/><\/span><span class=\"fg-image-overlay\"><\/span><\/a><figcaption class=\"fg-caption\"><div class=\"fg-caption-inner\"><\/div><\/figcaption><\/figure><div class=\"fg-loader\"><\/div><\/div><div class=\"fg-item fg-type-image fg-idle\"><figure class=\"fg-item-inner\"><a href=\"https:\/\/foto-wasik.pl\/wp-content\/uploads\/2022\/08\/IMG_-103.jpg\" data-attachment-id=\"5793\" class=\"fg-thumb\"><span class=\"fg-image-wrap\"><img loading=\"lazy\" height=\"600\" width=\"400\" class=\"skip-lazy fg-image\" data-src-fg=\"https:\/\/foto-wasik.pl\/wp-content\/uploads\/cache\/2022\/08\/IMG_-103\/1708893686.jpg\" src=\"data:image\/svg+xml,%3Csvg%20xmlns%3D%22http%3A%2F%2Fwww.w3.org%2F2000%2Fsvg%22%20width%3D%22400%22%20height%3D%22600%22%20viewBox%3D%220%200%20400%20600%22%3E%3C%2Fsvg%3E\" \/><\/span><span class=\"fg-image-overlay\"><\/span><\/a><figcaption class=\"fg-caption\"><div class=\"fg-caption-inner\"><\/div><\/figcaption><\/figure><div class=\"fg-loader\"><\/div><\/div><div class=\"fg-item fg-type-image fg-idle\"><figure class=\"fg-item-inner\"><a href=\"https:\/\/foto-wasik.pl\/wp-content\/uploads\/2022\/08\/IMG_-114.jpg\" data-attachment-id=\"5794\" class=\"fg-thumb\"><span class=\"fg-image-wrap\"><img loading=\"lazy\" height=\"600\" width=\"400\" class=\"skip-lazy fg-image\" data-src-fg=\"https:\/\/foto-wasik.pl\/wp-content\/uploads\/cache\/2022\/08\/IMG_-114\/614108203.jpg\" src=\"data:image\/svg+xml,%3Csvg%20xmlns%3D%22http%3A%2F%2Fwww.w3.org%2F2000%2Fsvg%22%20width%3D%22400%22%20height%3D%22600%22%20viewBox%3D%220%200%20400%20600%22%3E%3C%2Fsvg%3E\" \/><\/span><span class=\"fg-image-overlay\"><\/span><\/a><figcaption class=\"fg-caption\"><div class=\"fg-caption-inner\"><\/div><\/figcaption><\/figure><div class=\"fg-loader\"><\/div><\/div><div class=\"fg-item fg-type-image fg-idle\"><figure class=\"fg-item-inner\"><a href=\"https:\/\/foto-wasik.pl\/wp-content\/uploads\/2022\/08\/IMG_-118.jpg\" data-attachment-id=\"5795\" class=\"fg-thumb\"><span class=\"fg-image-wrap\"><img loading=\"lazy\" height=\"600\" width=\"900\" class=\"skip-lazy fg-image\" data-src-fg=\"https:\/\/foto-wasik.pl\/wp-content\/uploads\/cache\/2022\/08\/IMG_-118\/2739676872.jpg\" src=\"data:image\/svg+xml,%3Csvg%20xmlns%3D%22http%3A%2F%2Fwww.w3.org%2F2000%2Fsvg%22%20width%3D%22900%22%20height%3D%22600%22%20viewBox%3D%220%200%20900%20600%22%3E%3C%2Fsvg%3E\" \/><\/span><span class=\"fg-image-overlay\"><\/span><\/a><figcaption class=\"fg-caption\"><div class=\"fg-caption-inner\"><\/div><\/figcaption><\/figure><div class=\"fg-loader\"><\/div><\/div><\/div>\r\n[\/et_pb_fullwidth_code][\/et_pb_section]<\/p>\n","protected":false},"excerpt":{"rendered":"\t\t\t<style>\r\n                #foogallery-gallery-5799.fg-justified .fg-item {\r\n                    margin-right: 2px;\r\n                    margin-bottom: 2px;\r\n                }\r\n\r\n                #foogallery-gallery-5799.fg-justified .fg-image {\r\n                    height: 400px;\r\n                }\r\n\t\t\t<\/style>\r\n\t\t\t<div class=\"foogallery foogallery-container foogallery-justified foogallery-lightbox-none fg-justified fg-light fg-shadow-outline fg-loading-default fg-loaded-fade-in fg-caption-always fg-hover-fade fg-hover-zoom2 fg-ready\" id=\"foogallery-gallery-5799\" data-foogallery=\"{&quot;item&quot;:{&quot;showCaptionTitle&quot;:true,&quot;showCaptionDescription&quot;:false},&quot;lazy&quot;:true,&quot;template&quot;:{&quot;rowHeight&quot;:400,&quot;maxRowHeight&quot;:600,&quot;margins&quot;:2,&quot;align&quot;:&quot;center&quot;,&quot;lastRow&quot;:&quot;smart&quot;}}\" >\r\n\t<div class=\"fg-item fg-type-image fg-idle\"><figure class=\"fg-item-inner\"><a href=\"https:\/\/foto-wasik.pl\/wp-content\/uploads\/2022\/08\/IMG_-54.jpg\" data-attachment-id=\"5786\" class=\"fg-thumb\"><span class=\"fg-image-wrap\"><img height=\"600\" width=\"900\" class=\"skip-lazy fg-image\" data-src-fg=\"https:\/\/foto-wasik.pl\/wp-content\/uploads\/cache\/2022\/08\/IMG_-54\/2559400394.jpg\" src=\"data:image\/svg+xml,%3Csvg%20xmlns%3D%22http%3A%2F%2Fwww.w3.org%2F2000%2Fsvg%22%20width%3D%22900%22%20height%3D%22600%22%20viewBox%3D%220%200%20900%20600%22%3E%3C%2Fsvg%3E\" \/><\/span><span class=\"fg-image-overlay\"><\/span><\/a><figcaption class=\"fg-caption\"><div class=\"fg-caption-inner\"><\/div><\/figcaption><\/figure><div class=\"fg-loader\"><\/div><\/div><div class=\"fg-item fg-type-image fg-idle\"><figure class=\"fg-item-inner\"><a href=\"https:\/\/foto-wasik.pl\/wp-content\/uploads\/2022\/08\/IMG_-70.jpg\" data-attachment-id=\"5787\" class=\"fg-thumb\"><span class=\"fg-image-wrap\"><img height=\"600\" width=\"900\" class=\"skip-lazy fg-image\" data-src-fg=\"https:\/\/foto-wasik.pl\/wp-content\/uploads\/cache\/2022\/08\/IMG_-70\/731391059.jpg\" src=\"data:image\/svg+xml,%3Csvg%20xmlns%3D%22http%3A%2F%2Fwww.w3.org%2F2000%2Fsvg%22%20width%3D%22900%22%20height%3D%22600%22%20viewBox%3D%220%200%20900%20600%22%3E%3C%2Fsvg%3E\" \/><\/span><span class=\"fg-image-overlay\"><\/span><\/a><figcaption class=\"fg-caption\"><div class=\"fg-caption-inner\"><\/div><\/figcaption><\/figure><div class=\"fg-loader\"><\/div><\/div><div class=\"fg-item fg-type-image fg-idle\"><figure class=\"fg-item-inner\"><a href=\"https:\/\/foto-wasik.pl\/wp-content\/uploads\/2022\/08\/IMG_-83.jpg\" data-attachment-id=\"5788\" class=\"fg-thumb\"><span class=\"fg-image-wrap\"><img height=\"600\" width=\"900\" class=\"skip-lazy fg-image\" data-src-fg=\"https:\/\/foto-wasik.pl\/wp-content\/uploads\/cache\/2022\/08\/IMG_-83\/4223316210.jpg\" src=\"data:image\/svg+xml,%3Csvg%20xmlns%3D%22http%3A%2F%2Fwww.w3.org%2F2000%2Fsvg%22%20width%3D%22900%22%20height%3D%22600%22%20viewBox%3D%220%200%20900%20600%22%3E%3C%2Fsvg%3E\" \/><\/span><span class=\"fg-image-overlay\"><\/span><\/a><figcaption class=\"fg-caption\"><div class=\"fg-caption-inner\"><\/div><\/figcaption><\/figure><div class=\"fg-loader\"><\/div><\/div><div class=\"fg-item fg-type-image fg-idle\"><figure class=\"fg-item-inner\"><a href=\"https:\/\/foto-wasik.pl\/wp-content\/uploads\/2022\/08\/IMG_-94.jpg\" data-attachment-id=\"5789\" class=\"fg-thumb\"><span class=\"fg-image-wrap\"><img height=\"600\" width=\"900\" class=\"skip-lazy fg-image\" data-src-fg=\"https:\/\/foto-wasik.pl\/wp-content\/uploads\/cache\/2022\/08\/IMG_-94\/4289590861.jpg\" src=\"data:image\/svg+xml,%3Csvg%20xmlns%3D%22http%3A%2F%2Fwww.w3.org%2F2000%2Fsvg%22%20width%3D%22900%22%20height%3D%22600%22%20viewBox%3D%220%200%20900%20600%22%3E%3C%2Fsvg%3E\" \/><\/span><span class=\"fg-image-overlay\"><\/span><\/a><figcaption class=\"fg-caption\"><div class=\"fg-caption-inner\"><\/div><\/figcaption><\/figure><div class=\"fg-loader\"><\/div><\/div><div class=\"fg-item fg-type-image fg-idle\"><figure class=\"fg-item-inner\"><a href=\"https:\/\/foto-wasik.pl\/wp-content\/uploads\/2022\/08\/IMG_-96.jpg\" data-attachment-id=\"5790\" class=\"fg-thumb\"><span class=\"fg-image-wrap\"><img height=\"600\" width=\"900\" class=\"skip-lazy fg-image\" data-src-fg=\"https:\/\/foto-wasik.pl\/wp-content\/uploads\/cache\/2022\/08\/IMG_-96\/3105016401.jpg\" src=\"data:image\/svg+xml,%3Csvg%20xmlns%3D%22http%3A%2F%2Fwww.w3.org%2F2000%2Fsvg%22%20width%3D%22900%22%20height%3D%22600%22%20viewBox%3D%220%200%20900%20600%22%3E%3C%2Fsvg%3E\" \/><\/span><span class=\"fg-image-overlay\"><\/span><\/a><figcaption class=\"fg-caption\"><div class=\"fg-caption-inner\"><\/div><\/figcaption><\/figure><div class=\"fg-loader\"><\/div><\/div><div class=\"fg-item fg-type-image fg-idle\"><figure class=\"fg-item-inner\"><a href=\"https:\/\/foto-wasik.pl\/wp-content\/uploads\/2022\/08\/IMG_-99.jpg\" data-attachment-id=\"5791\" class=\"fg-thumb\"><span class=\"fg-image-wrap\"><img height=\"600\" width=\"900\" class=\"skip-lazy fg-image\" data-src-fg=\"https:\/\/foto-wasik.pl\/wp-content\/uploads\/cache\/2022\/08\/IMG_-99\/2040234776.jpg\" src=\"data:image\/svg+xml,%3Csvg%20xmlns%3D%22http%3A%2F%2Fwww.w3.org%2F2000%2Fsvg%22%20width%3D%22900%22%20height%3D%22600%22%20viewBox%3D%220%200%20900%20600%22%3E%3C%2Fsvg%3E\" \/><\/span><span class=\"fg-image-overlay\"><\/span><\/a><figcaption class=\"fg-caption\"><div class=\"fg-caption-inner\"><\/div><\/figcaption><\/figure><div class=\"fg-loader\"><\/div><\/div><div class=\"fg-item fg-type-image fg-idle\"><figure class=\"fg-item-inner\"><a href=\"https:\/\/foto-wasik.pl\/wp-content\/uploads\/2022\/08\/IMG_-101.jpg\" data-attachment-id=\"5792\" class=\"fg-thumb\"><span class=\"fg-image-wrap\"><img height=\"600\" width=\"900\" class=\"skip-lazy fg-image\" data-src-fg=\"https:\/\/foto-wasik.pl\/wp-content\/uploads\/cache\/2022\/08\/IMG_-101\/4152827175.jpg\" src=\"data:image\/svg+xml,%3Csvg%20xmlns%3D%22http%3A%2F%2Fwww.w3.org%2F2000%2Fsvg%22%20width%3D%22900%22%20height%3D%22600%22%20viewBox%3D%220%200%20900%20600%22%3E%3C%2Fsvg%3E\" \/><\/span><span class=\"fg-image-overlay\"><\/span><\/a><figcaption class=\"fg-caption\"><div class=\"fg-caption-inner\"><\/div><\/figcaption><\/figure><div class=\"fg-loader\"><\/div><\/div><div class=\"fg-item fg-type-image fg-idle\"><figure class=\"fg-item-inner\"><a href=\"https:\/\/foto-wasik.pl\/wp-content\/uploads\/2022\/08\/IMG_-103.jpg\" data-attachment-id=\"5793\" class=\"fg-thumb\"><span class=\"fg-image-wrap\"><img height=\"600\" width=\"400\" class=\"skip-lazy fg-image\" data-src-fg=\"https:\/\/foto-wasik.pl\/wp-content\/uploads\/cache\/2022\/08\/IMG_-103\/1708893686.jpg\" src=\"data:image\/svg+xml,%3Csvg%20xmlns%3D%22http%3A%2F%2Fwww.w3.org%2F2000%2Fsvg%22%20width%3D%22400%22%20height%3D%22600%22%20viewBox%3D%220%200%20400%20600%22%3E%3C%2Fsvg%3E\" \/><\/span><span class=\"fg-image-overlay\"><\/span><\/a><figcaption class=\"fg-caption\"><div class=\"fg-caption-inner\"><\/div><\/figcaption><\/figure><div class=\"fg-loader\"><\/div><\/div><div class=\"fg-item fg-type-image fg-idle\"><figure class=\"fg-item-inner\"><a href=\"https:\/\/foto-wasik.pl\/wp-content\/uploads\/2022\/08\/IMG_-114.jpg\" data-attachment-id=\"5794\" class=\"fg-thumb\"><span class=\"fg-image-wrap\"><img height=\"600\" width=\"400\" class=\"skip-lazy fg-image\" data-src-fg=\"https:\/\/foto-wasik.pl\/wp-content\/uploads\/cache\/2022\/08\/IMG_-114\/614108203.jpg\" src=\"data:image\/svg+xml,%3Csvg%20xmlns%3D%22http%3A%2F%2Fwww.w3.org%2F2000%2Fsvg%22%20width%3D%22400%22%20height%3D%22600%22%20viewBox%3D%220%200%20400%20600%22%3E%3C%2Fsvg%3E\" \/><\/span><span class=\"fg-image-overlay\"><\/span><\/a><figcaption class=\"fg-caption\"><div class=\"fg-caption-inner\"><\/div><\/figcaption><\/figure><div class=\"fg-loader\"><\/div><\/div><div class=\"fg-item fg-type-image fg-idle\"><figure class=\"fg-item-inner\"><a href=\"https:\/\/foto-wasik.pl\/wp-content\/uploads\/2022\/08\/IMG_-118.jpg\" data-attachment-id=\"5795\" class=\"fg-thumb\"><span class=\"fg-image-wrap\"><img height=\"600\" width=\"900\" class=\"skip-lazy fg-image\" data-src-fg=\"https:\/\/foto-wasik.pl\/wp-content\/uploads\/cache\/2022\/08\/IMG_-118\/2739676872.jpg\" src=\"data:image\/svg+xml,%3Csvg%20xmlns%3D%22http%3A%2F%2Fwww.w3.org%2F2000%2Fsvg%22%20width%3D%22900%22%20height%3D%22600%22%20viewBox%3D%220%200%20900%20600%22%3E%3C%2Fsvg%3E\" \/><\/span><span class=\"fg-image-overlay\"><\/span><\/a><figcaption class=\"fg-caption\"><div class=\"fg-caption-inner\"><\/div><\/figcaption><\/figure><div class=\"fg-loader\"><\/div><\/div><\/div>\r\n\n","protected":false},"author":1,"featured_media":0,"parent":3433,"menu_order":0,"comment_status":"closed","ping_status":"closed","template":"","meta":{"_et_pb_use_builder":"on","_et_pb_old_content":"","_et_gb_content_width":""},"yoast_head":"<!-- This site is optimized with the Yoast SEO plugin v19.5.1 - https:\/\/yoast.com\/wordpress\/plugins\/seo\/ -->\n<title>Sesja Rodzinna (Ci\u0105\u017cowa) - FOTO-W\u0104SIK | FOTOGRAFIA I FILMOWANIE \u015aLUBNE<\/title>\n<meta name=\"robots\" content=\"index, follow, max-snippet:-1, max-image-preview:large, max-video-preview:-1\" \/>\n<link rel=\"canonical\" href=\"https:\/\/foto-wasik.pl\/index.php\/galeria\/sesje-w-plenerze\/lawenda\/sesja-rodzinna-ciazowa\/\" \/>\n<meta property=\"og:locale\" content=\"pl_PL\" \/>\n<meta property=\"og:type\" content=\"article\" \/>\n<meta property=\"og:title\" content=\"Sesja Rodzinna (Ci\u0105\u017cowa) - FOTO-W\u0104SIK | FOTOGRAFIA I FILMOWANIE \u015aLUBNE\" \/>\n<meta property=\"og:url\" content=\"https:\/\/foto-wasik.pl\/index.php\/galeria\/sesje-w-plenerze\/lawenda\/sesja-rodzinna-ciazowa\/\" \/>\n<meta property=\"og:site_name\" content=\"FOTO-W\u0104SIK | FOTOGRAFIA I FILMOWANIE \u015aLUBNE\" \/>\n<meta property=\"article:publisher\" content=\"https:\/\/www.facebook.com\/fotowasikfotografiaifilmowanie\" \/>\n<meta property=\"article:modified_time\" content=\"2022-08-16T19:08:10+00:00\" \/>\n<meta name=\"twitter:card\" content=\"summary_large_image\" \/>\n<meta name=\"twitter:description\" content=\"[foogallery id=&quot;5799&quot;]\" \/>\n<script type=\"application\/ld+json\" class=\"yoast-schema-graph\">{\"@context\":\"https:\/\/schema.org\",\"@graph\":[{\"@type\":\"WebPage\",\"@id\":\"https:\/\/foto-wasik.pl\/index.php\/galeria\/sesje-w-plenerze\/lawenda\/sesja-rodzinna-ciazowa\/\",\"url\":\"https:\/\/foto-wasik.pl\/index.php\/galeria\/sesje-w-plenerze\/lawenda\/sesja-rodzinna-ciazowa\/\",\"name\":\"Sesja Rodzinna (Ci\u0105\u017cowa) - FOTO-W\u0104SIK | FOTOGRAFIA I FILMOWANIE \u015aLUBNE\",\"isPartOf\":{\"@id\":\"https:\/\/foto-wasik.pl\/#website\"},\"datePublished\":\"2022-08-16T19:02:01+00:00\",\"dateModified\":\"2022-08-16T19:08:10+00:00\",\"breadcrumb\":{\"@id\":\"https:\/\/foto-wasik.pl\/index.php\/galeria\/sesje-w-plenerze\/lawenda\/sesja-rodzinna-ciazowa\/#breadcrumb\"},\"inLanguage\":\"pl-PL\",\"potentialAction\":[{\"@type\":\"ReadAction\",\"target\":[\"https:\/\/foto-wasik.pl\/index.php\/galeria\/sesje-w-plenerze\/lawenda\/sesja-rodzinna-ciazowa\/\"]}]},{\"@type\":\"BreadcrumbList\",\"@id\":\"https:\/\/foto-wasik.pl\/index.php\/galeria\/sesje-w-plenerze\/lawenda\/sesja-rodzinna-ciazowa\/#breadcrumb\",\"itemListElement\":[{\"@type\":\"ListItem\",\"position\":1,\"name\":\"Strona g\u0142\u00f3wna\",\"item\":\"https:\/\/foto-wasik.pl\/\"},{\"@type\":\"ListItem\",\"position\":2,\"name\":\"Galeria\",\"item\":\"https:\/\/foto-wasik.pl\/index.php\/galeria\/\"},{\"@type\":\"ListItem\",\"position\":3,\"name\":\"SESJE W PLENERZE\",\"item\":\"https:\/\/foto-wasik.pl\/index.php\/galeria\/sesje-w-plenerze\/\"},{\"@type\":\"ListItem\",\"position\":4,\"name\":\"LAWENDA\",\"item\":\"https:\/\/foto-wasik.pl\/index.php\/galeria\/sesje-w-plenerze\/lawenda\/\"},{\"@type\":\"ListItem\",\"position\":5,\"name\":\"Sesja Rodzinna (Ci\u0105\u017cowa)\"}]},{\"@type\":\"WebSite\",\"@id\":\"https:\/\/foto-wasik.pl\/#website\",\"url\":\"https:\/\/foto-wasik.pl\/\",\"name\":\"FOTO-W\u0104SIK | FOTOGRAFIA I FILMOWANIE \u015aLUBNE\",\"description\":\"FOTO-W\u0104SIK to uznane studio fotograficzne wykonuj\u0105ce reporta\u017ce \u015blubne, sesje dzieci\u0119ce i wiele wi\u0119cej. Sprawd\u017a nasz\u0105 ofert\u0119 i uzupe\u0142nij formularz kontaktowy!\",\"publisher\":{\"@id\":\"https:\/\/foto-wasik.pl\/#organization\"},\"potentialAction\":[{\"@type\":\"SearchAction\",\"target\":{\"@type\":\"EntryPoint\",\"urlTemplate\":\"https:\/\/foto-wasik.pl\/?s={search_term_string}\"},\"query-input\":\"required name=search_term_string\"}],\"inLanguage\":\"pl-PL\"},{\"@type\":\"Organization\",\"@id\":\"https:\/\/foto-wasik.pl\/#organization\",\"name\":\"FOTO-W\u0104SIK | FOTOGRAFIA I FILMOWANIE \u015aLUBNE\",\"url\":\"https:\/\/foto-wasik.pl\/\",\"sameAs\":[\"https:\/\/www.facebook.com\/fotowasikfotografiaifilmowanie\"],\"logo\":{\"@type\":\"ImageObject\",\"inLanguage\":\"pl-PL\",\"@id\":\"https:\/\/foto-wasik.pl\/#\/schema\/logo\/image\/\",\"url\":\"https:\/\/foto-wasik.pl\/wp-content\/uploads\/2022\/08\/fb.jpg\",\"contentUrl\":\"https:\/\/foto-wasik.pl\/wp-content\/uploads\/2022\/08\/fb.jpg\",\"width\":340,\"height\":340,\"caption\":\"FOTO-W\u0104SIK | FOTOGRAFIA I FILMOWANIE \u015aLUBNE\"},\"image\":{\"@id\":\"https:\/\/foto-wasik.pl\/#\/schema\/logo\/image\/\"}}]}<\/script>\n<!-- \/ Yoast SEO plugin. -->","yoast_head_json":{"title":"Sesja Rodzinna (Ci\u0105\u017cowa) - FOTO-W\u0104SIK | FOTOGRAFIA I FILMOWANIE \u015aLUBNE","robots":{"index":"index","follow":"follow","max-snippet":"max-snippet:-1","max-image-preview":"max-image-preview:large","max-video-preview":"max-video-preview:-1"},"canonical":"https:\/\/foto-wasik.pl\/index.php\/galeria\/sesje-w-plenerze\/lawenda\/sesja-rodzinna-ciazowa\/","og_locale":"pl_PL","og_type":"article","og_title":"Sesja Rodzinna (Ci\u0105\u017cowa) - FOTO-W\u0104SIK | FOTOGRAFIA I FILMOWANIE \u015aLUBNE","og_url":"https:\/\/foto-wasik.pl\/index.php\/galeria\/sesje-w-plenerze\/lawenda\/sesja-rodzinna-ciazowa\/","og_site_name":"FOTO-W\u0104SIK | FOTOGRAFIA I FILMOWANIE \u015aLUBNE","article_publisher":"https:\/\/www.facebook.com\/fotowasikfotografiaifilmowanie","article_modified_time":"2022-08-16T19:08:10+00:00","twitter_card":"summary_large_image","twitter_description":"[foogallery id=\"5799\"]","schema":{"@context":"https:\/\/schema.org","@graph":[{"@type":"WebPage","@id":"https:\/\/foto-wasik.pl\/index.php\/galeria\/sesje-w-plenerze\/lawenda\/sesja-rodzinna-ciazowa\/","url":"https:\/\/foto-wasik.pl\/index.php\/galeria\/sesje-w-plenerze\/lawenda\/sesja-rodzinna-ciazowa\/","name":"Sesja Rodzinna (Ci\u0105\u017cowa) - FOTO-W\u0104SIK | FOTOGRAFIA I FILMOWANIE \u015aLUBNE","isPartOf":{"@id":"https:\/\/foto-wasik.pl\/#website"},"datePublished":"2022-08-16T19:02:01+00:00","dateModified":"2022-08-16T19:08:10+00:00","breadcrumb":{"@id":"https:\/\/foto-wasik.pl\/index.php\/galeria\/sesje-w-plenerze\/lawenda\/sesja-rodzinna-ciazowa\/#breadcrumb"},"inLanguage":"pl-PL","potentialAction":[{"@type":"ReadAction","target":["https:\/\/foto-wasik.pl\/index.php\/galeria\/sesje-w-plenerze\/lawenda\/sesja-rodzinna-ciazowa\/"]}]},{"@type":"BreadcrumbList","@id":"https:\/\/foto-wasik.pl\/index.php\/galeria\/sesje-w-plenerze\/lawenda\/sesja-rodzinna-ciazowa\/#breadcrumb","itemListElement":[{"@type":"ListItem","position":1,"name":"Strona g\u0142\u00f3wna","item":"https:\/\/foto-wasik.pl\/"},{"@type":"ListItem","position":2,"name":"Galeria","item":"https:\/\/foto-wasik.pl\/index.php\/galeria\/"},{"@type":"ListItem","position":3,"name":"SESJE W PLENERZE","item":"https:\/\/foto-wasik.pl\/index.php\/galeria\/sesje-w-plenerze\/"},{"@type":"ListItem","position":4,"name":"LAWENDA","item":"https:\/\/foto-wasik.pl\/index.php\/galeria\/sesje-w-plenerze\/lawenda\/"},{"@type":"ListItem","position":5,"name":"Sesja Rodzinna (Ci\u0105\u017cowa)"}]},{"@type":"WebSite","@id":"https:\/\/foto-wasik.pl\/#website","url":"https:\/\/foto-wasik.pl\/","name":"FOTO-W\u0104SIK | FOTOGRAFIA I FILMOWANIE \u015aLUBNE","description":"FOTO-W\u0104SIK to uznane studio fotograficzne wykonuj\u0105ce reporta\u017ce \u015blubne, sesje dzieci\u0119ce i wiele wi\u0119cej. Sprawd\u017a nasz\u0105 ofert\u0119 i uzupe\u0142nij formularz kontaktowy!","publisher":{"@id":"https:\/\/foto-wasik.pl\/#organization"},"potentialAction":[{"@type":"SearchAction","target":{"@type":"EntryPoint","urlTemplate":"https:\/\/foto-wasik.pl\/?s={search_term_string}"},"query-input":"required name=search_term_string"}],"inLanguage":"pl-PL"},{"@type":"Organization","@id":"https:\/\/foto-wasik.pl\/#organization","name":"FOTO-W\u0104SIK | FOTOGRAFIA I FILMOWANIE \u015aLUBNE","url":"https:\/\/foto-wasik.pl\/","sameAs":["https:\/\/www.facebook.com\/fotowasikfotografiaifilmowanie"],"logo":{"@type":"ImageObject","inLanguage":"pl-PL","@id":"https:\/\/foto-wasik.pl\/#\/schema\/logo\/image\/","url":"https:\/\/foto-wasik.pl\/wp-content\/uploads\/2022\/08\/fb.jpg","contentUrl":"https:\/\/foto-wasik.pl\/wp-content\/uploads\/2022\/08\/fb.jpg","width":340,"height":340,"caption":"FOTO-W\u0104SIK | FOTOGRAFIA I FILMOWANIE \u015aLUBNE"},"image":{"@id":"https:\/\/foto-wasik.pl\/#\/schema\/logo\/image\/"}}]}},"_links":{"self":[{"href":"https:\/\/foto-wasik.pl\/index.php\/wp-json\/wp\/v2\/pages\/5796"}],"collection":[{"href":"https:\/\/foto-wasik.pl\/index.php\/wp-json\/wp\/v2\/pages"}],"about":[{"href":"https:\/\/foto-wasik.pl\/index.php\/wp-json\/wp\/v2\/types\/page"}],"author":[{"embeddable":true,"href":"https:\/\/foto-wasik.pl\/index.php\/wp-json\/wp\/v2\/users\/1"}],"replies":[{"embeddable":true,"href":"https:\/\/foto-wasik.pl\/index.php\/wp-json\/wp\/v2\/comments?post=5796"}],"version-history":[{"count":3,"href":"https:\/\/foto-wasik.pl\/index.php\/wp-json\/wp\/v2\/pages\/5796\/revisions"}],"predecessor-version":[{"id":5801,"href":"https:\/\/foto-wasik.pl\/index.php\/wp-json\/wp\/v2\/pages\/5796\/revisions\/5801"}],"up":[{"embeddable":true,"href":"https:\/\/foto-wasik.pl\/index.php\/wp-json\/wp\/v2\/pages\/3433"}],"wp:attachment":[{"href":"https:\/\/foto-wasik.pl\/index.php\/wp-json\/wp\/v2\/media?parent=5796"}],"curies":[{"name":"wp","href":"https:\/\/api.w.org\/{rel}","templated":true}]}}